{"id":38,"date":"2021-05-24T11:39:04","date_gmt":"2021-05-24T11:39:04","guid":{"rendered":"http:\/\/verdescampos-pa.com.br\/?page_id=38"},"modified":"2021-06-08T01:00:12","modified_gmt":"2021-06-08T01:00:12","slug":"pagina-inicial","status":"publish","type":"page","link":"https:\/\/verdescampos-pa.com.br\/","title":{"rendered":"P\u00e1gina inicial"},"content":{"rendered":"\n<pre class=\"wp-block-code\"><code>&#91;transitionslider id=\"1\"]<\/code><\/pre>\n\n\n\n<p><strong>Empresa que investe no homem do campo!<\/strong><\/p>\n\n\n\n<p>A Verdes Campos chegou em Paragominas, Par\u00e1, para sanar as necessidades do agricultor. Atuando no com\u00e9rcio de pe\u00e7as e implementos agr\u00edcolas, a empresa nasceu sobre a influ\u00eancia da agricultura na regi\u00e3o de Paragominas, e \u00e9 representante de v\u00e1rias marcas de renome nacional.<\/p>\n\n\n\n<p>A Verdes Campos, com uma miss\u00e3o importante de contribuir para o desenvolvimento agr\u00edcola e pecuarista da regi\u00e3o, desafia o tempo, vence obst\u00e1culos e se lan\u00e7a ao futuro com projetos cada vez maiores.<\/p>\n\n\n\n<p>O reconhecimento para esse desempenho sempre voltado para o cliente \u00e9 uma das conquistas de nossa equipe.<\/p>\n\n\n\n<p>A servi\u00e7o do nosso cliente est\u00e1 a compet\u00eancia t\u00e9cnica de nossos funcion\u00e1rios, a capacidade empreendedora, a criatividade empresarial e ousadia mercadol\u00f3gica. Possu\u00edmos um atendimento diferenciado com apresenta\u00e7\u00e3o de solu\u00e7\u00f5es inovadoras para o agricultor e principalmente gera\u00e7\u00e3o de conforto e satisfa\u00e7\u00e3o para nossos clientes.<\/p>\n\n\n\n<p>Fa\u00e7a-nos uma visita e comprove!<\/p>\n\n\n\n<div class=\"wp-block-cover\"><img loading=\"lazy\" width=\"880\" height=\"562\" class=\"wp-block-cover__image-background wp-image-33\" alt=\"\" src=\"http:\/\/verdescampos-pa.com.br\/wp-content\/uploads\/2021\/05\/82d3a892-0626-4b64-954d-267355d64c0c.jpg\" data-object-fit=\"cover\" srcset=\"https:\/\/verdescampos-pa.com.br\/wp-content\/uploads\/2021\/05\/82d3a892-0626-4b64-954d-267355d64c0c.jpg 880w, https:\/\/verdescampos-pa.com.br\/wp-content\/uploads\/2021\/05\/82d3a892-0626-4b64-954d-267355d64c0c-300x192.jpg 300w, https:\/\/verdescampos-pa.com.br\/wp-content\/uploads\/2021\/05\/82d3a892-0626-4b64-954d-267355d64c0c-768x490.jpg 768w\" sizes=\"(max-width: 880px) 100vw, 880px\" \/><div class=\"wp-block-cover__inner-container\">\n<p class=\"has-text-align-center has-white-color has-text-color has-large-font-size\">Bem Vindo(a)!<\/p>\n\n\n\n<p class=\"has-text-align-center has-white-color has-text-color\">Em breve novidades!<\/p>\n\n\n\n<div class=\"wp-block-button aligncenter\"><a class=\"wp-block-button__link\" href=\"http:\/\/verdescampos-pa.com.br\/?page_id=5\">Conhe\u00e7a nossos produtos<\/a><\/div>\n<\/div><\/div>\n\n\n\n<h2 class=\"has-text-align-center\">M\u00e1quinas e Implementos Agr\u00edcolas<\/h2>\n\n\n<div class=\"wc-block-grid wp-block-product-new wc-block-product-new has-3-columns has-multiple-rows\"><ul class=\"wc-block-grid__products\"><li class=\"wc-block-grid__product\">\n\t\t\t\t<a href=\"https:\/\/verdescampos-pa.com.br\/?product=trator-valtra-s353-ano-2013\" class=\"wc-block-grid__product-link\">\n\t\t\t\t\t<div class=\"wc-block-grid__product-image\"><img width=\"150\" height=\"150\" src=\"https:\/\/verdescampos-pa.com.br\/wp-content\/uploads\/2021\/05\/12ff3064-3967-49b8-841f-873785061d60-150x150.jpg\" class=\"attachment-woocommerce_thumbnail size-woocommerce_thumbnail\" alt=\"\" loading=\"lazy\" srcset=\"https:\/\/verdescampos-pa.com.br\/wp-content\/uploads\/2021\/05\/12ff3064-3967-49b8-841f-873785061d60-150x150.jpg 150w, https:\/\/verdescampos-pa.com.br\/wp-content\/uploads\/2021\/05\/12ff3064-3967-49b8-841f-873785061d60-100x100.jpg 100w\" sizes=\"(max-width: 150px) 100vw, 150px\" \/><\/div>\n\t\t\t\t\t<div class=\"wc-block-grid__product-title\">Trator Valtra S353, Ano 2013<\/div>\n\t\t\t\t<\/a>\n\t\t\t\t\n\t\t\t\t<div class=\"wc-block-grid__product-price price\"><span class=\"woocommerce-Price-amount amount\"><span class=\"woocommerce-Price-currencySymbol\">&#082;&#036;<\/span>650.000,00<\/span><\/div>\n\t\t\t\t\n\t\t\t\t<div class=\"wp-block-button wc-block-grid__product-add-to-cart\"><a href=\"?add-to-cart=31\" aria-label=\"Adicionar &ldquo;Trator Valtra S353, Ano 2013&rdquo; no seu carrinho\" data-quantity=\"1\" data-product_id=\"31\" data-product_sku=\"\" rel=\"nofollow\" class=\"wp-block-button__link add_to_cart_button ajax_add_to_cart\">Comprar<\/a><\/div>\n\t\t\t<\/li><\/ul><\/div>\n\n","protected":false},"excerpt":{"rendered":"<p>Empresa que investe no homem do campo! A Verdes Campos chegou em Paragominas, Par\u00e1, para sanar as necessidades do agricultor. Atuando no com\u00e9rcio de pe\u00e7as e implementos agr\u00edcolas, a empresa nasceu sobre a influ\u00eancia da agricultura na regi\u00e3o de Paragominas, e \u00e9 representante de v\u00e1rias marcas de renome nacional. A Verdes Campos, com uma miss\u00e3o &hellip; <a href=\"https:\/\/verdescampos-pa.com.br\/\" class=\"more-link\">Continue lendo <span class=\"screen-reader-text\">P\u00e1gina inicial<\/span> <span class=\"meta-nav\">&rarr;<\/span><\/a><\/p>\n","protected":false},"author":1,"featured_media":0,"parent":0,"menu_order":0,"comment_status":"closed","ping_status":"closed","template":"","meta":{"spay_email":""},"_links":{"self":[{"href":"https:\/\/verdescampos-pa.com.br\/index.php?rest_route=\/wp\/v2\/pages\/38"}],"collection":[{"href":"https:\/\/verdescampos-pa.com.br\/index.php?rest_route=\/wp\/v2\/pages"}],"about":[{"href":"https:\/\/verdescampos-pa.com.br\/index.php?rest_route=\/wp\/v2\/types\/page"}],"author":[{"embeddable":true,"href":"https:\/\/verdescampos-pa.com.br\/index.php?rest_route=\/wp\/v2\/users\/1"}],"replies":[{"embeddable":true,"href":"https:\/\/verdescampos-pa.com.br\/index.php?rest_route=%2Fwp%2Fv2%2Fcomments&post=38"}],"version-history":[{"count":6,"href":"https:\/\/verdescampos-pa.com.br\/index.php?rest_route=\/wp\/v2\/pages\/38\/revisions"}],"predecessor-version":[{"id":90,"href":"https:\/\/verdescampos-pa.com.br\/index.php?rest_route=\/wp\/v2\/pages\/38\/revisions\/90"}],"wp:attachment":[{"href":"https:\/\/verdescampos-pa.com.br\/index.php?rest_route=%2Fwp%2Fv2%2Fmedia&parent=38"}],"curies":[{"name":"wp","href":"https:\/\/api.w.org\/{rel}","templated":true}]}}